{"id":3464,"date":"2022-10-13T13:45:44","date_gmt":"2022-10-13T13:45:44","guid":{"rendered":"https:\/\/minzgmbh.de\/?page_id=3464"},"modified":"2022-10-24T14:45:19","modified_gmt":"2022-10-24T14:45:19","slug":"building-democracy","status":"publish","type":"page","link":"https:\/\/minzgmbh.de\/en\/building-democracy\/","title":{"rendered":"Building Democracy"},"content":{"rendered":"<div class=\"wpb-content-wrapper\"><p>[vc_row el_class=&#8221;slider&#8221;][vc_column][vc_empty_space height=&#8221;50px&#8221;][\/vc_column][\/vc_row][vc_row][vc_column][vc_column_text]<\/p>\n<h1>Involving &amp; Empowering<\/h1>\n<p>For far too long, the democratic foundations of the European continent were taken for granted. But a glance at the headlines increasingly shows that the values of the European project have to be fought for anew &#8211; through vigorous debate, broad participation and social discourse. That&#8217;s why we choose to implement diverse projects introducing young people to current societal issues.[\/vc_column_text][\/vc_column][\/vc_row][vc_row el_class=&#8221;toggles&#8221;][vc_column][vc_row_inner el_class=&#8221;toggle&#8221;][vc_column_inner][vc_column_text el_class=&#8221;toggletop&#8221;]<img loading=\"lazy\" decoding=\"async\" class=\"alignnone size-full wp-image-2878\" src=\"https:\/\/minzgmbh.de\/wp-content\/uploads\/2020\/11\/toggle_nextgen_web.jpg\" alt=\"\" width=\"270\" height=\"135\" \/><\/p>\n<p>2019\u20132022<\/p>\n<h1>NEXT GENERATION<\/h1>\n<p>Youth festival for the next generation[\/vc_column_text][vc_column_text el_class=&#8221;togglebottom&#8221;]Music education and cultural participation enable citizens to shape their future. With <a href=\"https:\/\/young-euro-connect.de\/projekte\">Next Generation<\/a>, young people are given a prominent platform. In 2019, Young Euro Classic implemented a specific junior festival for the first time, parallel to the classical stage programme. Consistently enthusiastic feedback motivated the subsequent editions of the youth programme. MINZ has developed innovative formats that build on the strengths of young people and focus on topics that move and engage them. Whether in music, dance, theater or literature, this programme recognizes and celebrates talent and provides a creative space for inspiration and collaboration. Here comes the next generation!<\/p>\n<p>&nbsp;<\/p>\n<p style=\"text-align: right;\"><strong>Services: Event conceptualization, project management, marketing, PR<\/strong><\/p>\n<p style=\"text-align: right;\"><strong>Find out more about Next Generation on the <a href=\"https:\/\/young-euro-connect.de\/\">Young Euro Connect website<\/a>.<\/strong><\/p>\n<p>[\/vc_column_text][\/vc_column_inner][\/vc_row_inner][vc_row_inner el_class=&#8221;toggle&#8221;][vc_column_inner][vc_column_text el_class=&#8221;toggletop&#8221;]<img loading=\"lazy\" decoding=\"async\" class=\"alignnone size-full wp-image-2593\" src=\"https:\/\/minzgmbh.de\/wp-content\/uploads\/2020\/10\/toggle_lndi_2.jpg\" alt=\"\" width=\"270\" height=\"135\" \/><\/p>\n<p>2016\u20132019<\/p>\n<h1>Moving People: The \u201cLong Night of Ideas\u201d<\/h1>\n<p>Dozens of events explored foreign cultural and educational policy[\/vc_column_text][vc_column_text el_class=&#8221;togglebottom&#8221;]The Long Night of Ideas offered wide-ranging insights into cultural relations and educational policy. With a number of events taking place around the city, the German Foreign Office and their partners informed Berlin civil society about the strategic added value of their various activities. Targeted marketing campaigns and public relations work resulted in large crowds at the events, with an increasing resonance in the press year on year.<\/p>\n<p style=\"text-align: right;\"><strong>Services: Marketing, PR<\/strong><\/p>\n<p style=\"text-align: right;\"><strong>\u00a0<\/strong><\/p>\n<p>[\/vc_column_text][\/vc_column_inner][\/vc_row_inner][vc_row_inner el_class=&#8221;toggle&#8221;][vc_column_inner][vc_column_text el_class=&#8221;toggletop&#8221;]<img loading=\"lazy\" decoding=\"async\" class=\"alignnone size-full wp-image-2595\" src=\"https:\/\/minzgmbh.de\/wp-content\/uploads\/2020\/10\/yeco_2.jpg\" alt=\"\" width=\"270\" height=\"135\" \/><\/p>\n<p>2005\u20132021<\/p>\n<h1>Young Euro Connect<\/h1>\n<p>Nourishing the European Idea through language and literature[\/vc_column_text][vc_column_text el_class=&#8221;togglebottom&#8221;]Europe is more than a concept. The mission of the <a href=\"https:\/\/young-euro-connect.de\/\">Young Euro Connect e.V. association<\/a> is to explore this notion through literary encounters that explore issues such as freedom, human rights, and democracy. This innovative conceptual framework emphasizes discourse and cooperation.<\/p>\n<ul>\n<li>2005 \u2013 2008 \u2013 Young writers from countries such as Estonia, Turkey, Great Britain and Bosnia and Herzegovina shared <a href=\"https:\/\/young-euro-connect.de\/projekte\/visionen-fuer-europa\">their visions for Europe 2025<\/a>.<\/li>\n<li>2006-2008 \u2013 Over the course of 3 years, 36 up-and-coming authors probed the meaning of the Enlightenment ideals of <a href=\"https:\/\/young-euro-connect.de\/projekte\/freiheit-gleichheit-bruederlichkeit\">liberty, equality, and fraternity in the context of modern Europe<\/a>.<\/li>\n<li>2009 \u2013 9 emerging journalists researched <a href=\"https:\/\/young-euro-connect.de\/projekte\/geschichten-hinter-dem-gesetz\">how European Union legislation plays out in the everyday lives of their countries<\/a>. They toured Germany, Paris and Warsaw to share their discoveries.<\/li>\n<li>2019 \u2013 Retrospective of Visions of Europe 2025 with Michal Hvorecky, Sa\u0161a Stani\u0161i\u0107, Tanja Maljartschuk and Jonas T. Bengtsson under the motto <em><a href=\"https:\/\/young-euro-connect.de\/projekte\/europa-zwischen-traum-und-trauma\">Europe between Dreams and Trauma<\/a>.<\/em><\/li>\n<li>2019\/2020\/2021 \u2013 In cooperation with the International Literature Festival Berlin, schoolchildren around the city explored their relationship with Europe through literature in the project <a href=\"https:\/\/young-euro-connect.de\/projekte\/europa-meine-heimat-meine-zukunft\"><em>EUROPE \u2013 my home, my future?<\/em><\/a><\/li>\n<\/ul>\n<p style=\"text-align: right;\"><strong>Services: Concept, project management, marketing, PR<\/strong><\/p>\n<p style=\"text-align: right;\"><strong>Current information <a href=\"https:\/\/www.young-euro-connect.de\">about Young Euro Connect here<\/a>.<\/strong><\/p>\n<p>[\/vc_column_text][\/vc_column_inner][\/vc_row_inner][\/vc_column][\/vc_row][vc_row][vc_column][vc_empty_space height=&#8221;200px&#8221;][\/vc_column][\/vc_row]<\/p>\n<\/div>","protected":false},"excerpt":{"rendered":"<p>[vc_row el_class=&#8221;slider&#8221;][vc_column][vc_empty_space height=&#8221;50px&#8221;][\/vc_column][\/vc_row][vc_row][vc_column][vc_column_text] Involving &amp; Empowering For far too long, the democratic foundations of the European continent were taken for granted. But a glance at the headlines increasingly shows that the values of the European project have to be fought for anew &#8211; through vigorous debate, broad participation and social discourse. That&#8217;s why we choose [&hellip;]<\/p>\n","protected":false},"author":4,"featured_media":0,"parent":0,"menu_order":0,"comment_status":"closed","ping_status":"closed","template":"","meta":{"inline_featured_image":false,"_genesis_hide_title":false,"_genesis_hide_breadcrumbs":false,"_genesis_hide_singular_image":false,"_genesis_hide_footer_widgets":false,"_genesis_custom_body_class":"","_genesis_custom_post_class":"","_genesis_layout":"","footnotes":""},"class_list":{"0":"post-3464","1":"page","2":"type-page","3":"status-publish","5":"entry","6":"override"},"yoast_head":"<!-- This site is optimized with the Yoast SEO plugin v27.3 - https:\/\/yoast.com\/product\/yoast-seo-wordpress\/ -->\n<title>Building Democracy - Dr. Gabriele Minz GmbH<\/title>\n<meta name=\"robots\" content=\"index, follow, max-snippet:-1, max-image-preview:large, max-video-preview:-1\" \/>\n<link rel=\"canonical\" href=\"https:\/\/minzgmbh.de\/en\/building-democracy\/\" \/>\n<meta property=\"og:locale\" content=\"en_US\" \/>\n<meta property=\"og:type\" content=\"article\" \/>\n<meta property=\"og:title\" content=\"Building Democracy - Dr. Gabriele Minz GmbH\" \/>\n<meta property=\"og:description\" content=\"[vc_row el_class=&#8221;slider&#8221;][vc_column][vc_empty_space height=&#8221;50px&#8221;][\/vc_column][\/vc_row][vc_row][vc_column][vc_column_text] Involving &amp; Empowering For far too long, the democratic foundations of the European continent were taken for granted. But a glance at the headlines increasingly shows that the values of the European project have to be fought for anew &#8211; through vigorous debate, broad participation and social discourse. That&#8217;s why we choose [&hellip;]\" \/>\n<meta property=\"og:url\" content=\"https:\/\/minzgmbh.de\/en\/building-democracy\/\" \/>\n<meta property=\"og:site_name\" content=\"Dr. Gabriele Minz GmbH\" \/>\n<meta property=\"article:publisher\" content=\"https:\/\/www.facebook.com\/Young.Euro.Classic\/\" \/>\n<meta property=\"article:modified_time\" content=\"2022-10-24T14:45:19+00:00\" \/>\n<meta property=\"og:image\" content=\"https:\/\/minzgmbh.de\/wp-content\/uploads\/2020\/11\/toggle_nextgen_web.jpg\" \/>\n<meta name=\"twitter:card\" content=\"summary_large_image\" \/>\n<meta name=\"twitter:site\" content=\"@YEClassic\" \/>\n<meta name=\"twitter:label1\" content=\"Est. reading time\" \/>\n\t<meta name=\"twitter:data1\" content=\"3 minutes\" \/>\n<script type=\"application\/ld+json\" class=\"yoast-schema-graph\">{\"@context\":\"https:\\\/\\\/schema.org\",\"@graph\":[{\"@type\":\"WebPage\",\"@id\":\"https:\\\/\\\/minzgmbh.de\\\/en\\\/building-democracy\\\/\",\"url\":\"https:\\\/\\\/minzgmbh.de\\\/en\\\/building-democracy\\\/\",\"name\":\"Building Democracy - Dr. Gabriele Minz GmbH\",\"isPartOf\":{\"@id\":\"https:\\\/\\\/minzgmbh.de\\\/#website\"},\"primaryImageOfPage\":{\"@id\":\"https:\\\/\\\/minzgmbh.de\\\/en\\\/building-democracy\\\/#primaryimage\"},\"image\":{\"@id\":\"https:\\\/\\\/minzgmbh.de\\\/en\\\/building-democracy\\\/#primaryimage\"},\"thumbnailUrl\":\"https:\\\/\\\/minzgmbh.de\\\/wp-content\\\/uploads\\\/2020\\\/11\\\/toggle_nextgen_web.jpg\",\"datePublished\":\"2022-10-13T13:45:44+00:00\",\"dateModified\":\"2022-10-24T14:45:19+00:00\",\"breadcrumb\":{\"@id\":\"https:\\\/\\\/minzgmbh.de\\\/en\\\/building-democracy\\\/#breadcrumb\"},\"inLanguage\":\"en-US\",\"potentialAction\":[{\"@type\":\"ReadAction\",\"target\":[\"https:\\\/\\\/minzgmbh.de\\\/en\\\/building-democracy\\\/\"]}]},{\"@type\":\"ImageObject\",\"inLanguage\":\"en-US\",\"@id\":\"https:\\\/\\\/minzgmbh.de\\\/en\\\/building-democracy\\\/#primaryimage\",\"url\":\"https:\\\/\\\/minzgmbh.de\\\/wp-content\\\/uploads\\\/2020\\\/11\\\/toggle_nextgen_web.jpg\",\"contentUrl\":\"https:\\\/\\\/minzgmbh.de\\\/wp-content\\\/uploads\\\/2020\\\/11\\\/toggle_nextgen_web.jpg\"},{\"@type\":\"BreadcrumbList\",\"@id\":\"https:\\\/\\\/minzgmbh.de\\\/en\\\/building-democracy\\\/#breadcrumb\",\"itemListElement\":[{\"@type\":\"ListItem\",\"position\":1,\"name\":\"Home\",\"item\":\"https:\\\/\\\/minzgmbh.de\\\/en\\\/\"},{\"@type\":\"ListItem\",\"position\":2,\"name\":\"Building Democracy\"}]},{\"@type\":\"WebSite\",\"@id\":\"https:\\\/\\\/minzgmbh.de\\\/#website\",\"url\":\"https:\\\/\\\/minzgmbh.de\\\/\",\"name\":\"Dr. Gabriele Minz GmbH\",\"description\":\"\",\"publisher\":{\"@id\":\"https:\\\/\\\/minzgmbh.de\\\/#organization\"},\"potentialAction\":[{\"@type\":\"SearchAction\",\"target\":{\"@type\":\"EntryPoint\",\"urlTemplate\":\"https:\\\/\\\/minzgmbh.de\\\/?s={search_term_string}\"},\"query-input\":{\"@type\":\"PropertyValueSpecification\",\"valueRequired\":true,\"valueName\":\"search_term_string\"}}],\"inLanguage\":\"en-US\"},{\"@type\":\"Organization\",\"@id\":\"https:\\\/\\\/minzgmbh.de\\\/#organization\",\"name\":\"Minzgmbh\",\"url\":\"https:\\\/\\\/minzgmbh.de\\\/\",\"logo\":{\"@type\":\"ImageObject\",\"inLanguage\":\"en-US\",\"@id\":\"https:\\\/\\\/minzgmbh.de\\\/#\\\/schema\\\/logo\\\/image\\\/\",\"url\":\"https:\\\/\\\/minzgmbh.de\\\/wp-content\\\/uploads\\\/2022\\\/06\\\/minz_logo.png\",\"contentUrl\":\"https:\\\/\\\/minzgmbh.de\\\/wp-content\\\/uploads\\\/2022\\\/06\\\/minz_logo.png\",\"width\":261,\"height\":93,\"caption\":\"Minzgmbh\"},\"image\":{\"@id\":\"https:\\\/\\\/minzgmbh.de\\\/#\\\/schema\\\/logo\\\/image\\\/\"},\"sameAs\":[\"https:\\\/\\\/www.facebook.com\\\/Young.Euro.Classic\\\/\",\"https:\\\/\\\/x.com\\\/YEClassic\",\"https:\\\/\\\/www.instagram.com\\\/youngeuroclassic\\\/\",\"https:\\\/\\\/www.youtube.com\\\/channel\\\/UCtOJJjqlsvhJbivdpxzmJug\"]}]}<\/script>\n<!-- \/ Yoast SEO plugin. -->","yoast_head_json":{"title":"Building Democracy - Dr. Gabriele Minz GmbH","robots":{"index":"index","follow":"follow","max-snippet":"max-snippet:-1","max-image-preview":"max-image-preview:large","max-video-preview":"max-video-preview:-1"},"canonical":"https:\/\/minzgmbh.de\/en\/building-democracy\/","og_locale":"en_US","og_type":"article","og_title":"Building Democracy - Dr. Gabriele Minz GmbH","og_description":"[vc_row el_class=&#8221;slider&#8221;][vc_column][vc_empty_space height=&#8221;50px&#8221;][\/vc_column][\/vc_row][vc_row][vc_column][vc_column_text] Involving &amp; Empowering For far too long, the democratic foundations of the European continent were taken for granted. But a glance at the headlines increasingly shows that the values of the European project have to be fought for anew &#8211; through vigorous debate, broad participation and social discourse. That&#8217;s why we choose [&hellip;]","og_url":"https:\/\/minzgmbh.de\/en\/building-democracy\/","og_site_name":"Dr. Gabriele Minz GmbH","article_publisher":"https:\/\/www.facebook.com\/Young.Euro.Classic\/","article_modified_time":"2022-10-24T14:45:19+00:00","og_image":[{"url":"https:\/\/minzgmbh.de\/wp-content\/uploads\/2020\/11\/toggle_nextgen_web.jpg","type":"","width":"","height":""}],"twitter_card":"summary_large_image","twitter_site":"@YEClassic","twitter_misc":{"Est. reading time":"3 minutes"},"schema":{"@context":"https:\/\/schema.org","@graph":[{"@type":"WebPage","@id":"https:\/\/minzgmbh.de\/en\/building-democracy\/","url":"https:\/\/minzgmbh.de\/en\/building-democracy\/","name":"Building Democracy - Dr. Gabriele Minz GmbH","isPartOf":{"@id":"https:\/\/minzgmbh.de\/#website"},"primaryImageOfPage":{"@id":"https:\/\/minzgmbh.de\/en\/building-democracy\/#primaryimage"},"image":{"@id":"https:\/\/minzgmbh.de\/en\/building-democracy\/#primaryimage"},"thumbnailUrl":"https:\/\/minzgmbh.de\/wp-content\/uploads\/2020\/11\/toggle_nextgen_web.jpg","datePublished":"2022-10-13T13:45:44+00:00","dateModified":"2022-10-24T14:45:19+00:00","breadcrumb":{"@id":"https:\/\/minzgmbh.de\/en\/building-democracy\/#breadcrumb"},"inLanguage":"en-US","potentialAction":[{"@type":"ReadAction","target":["https:\/\/minzgmbh.de\/en\/building-democracy\/"]}]},{"@type":"ImageObject","inLanguage":"en-US","@id":"https:\/\/minzgmbh.de\/en\/building-democracy\/#primaryimage","url":"https:\/\/minzgmbh.de\/wp-content\/uploads\/2020\/11\/toggle_nextgen_web.jpg","contentUrl":"https:\/\/minzgmbh.de\/wp-content\/uploads\/2020\/11\/toggle_nextgen_web.jpg"},{"@type":"BreadcrumbList","@id":"https:\/\/minzgmbh.de\/en\/building-democracy\/#breadcrumb","itemListElement":[{"@type":"ListItem","position":1,"name":"Home","item":"https:\/\/minzgmbh.de\/en\/"},{"@type":"ListItem","position":2,"name":"Building Democracy"}]},{"@type":"WebSite","@id":"https:\/\/minzgmbh.de\/#website","url":"https:\/\/minzgmbh.de\/","name":"Dr. Gabriele Minz GmbH","description":"","publisher":{"@id":"https:\/\/minzgmbh.de\/#organization"},"potentialAction":[{"@type":"SearchAction","target":{"@type":"EntryPoint","urlTemplate":"https:\/\/minzgmbh.de\/?s={search_term_string}"},"query-input":{"@type":"PropertyValueSpecification","valueRequired":true,"valueName":"search_term_string"}}],"inLanguage":"en-US"},{"@type":"Organization","@id":"https:\/\/minzgmbh.de\/#organization","name":"Minzgmbh","url":"https:\/\/minzgmbh.de\/","logo":{"@type":"ImageObject","inLanguage":"en-US","@id":"https:\/\/minzgmbh.de\/#\/schema\/logo\/image\/","url":"https:\/\/minzgmbh.de\/wp-content\/uploads\/2022\/06\/minz_logo.png","contentUrl":"https:\/\/minzgmbh.de\/wp-content\/uploads\/2022\/06\/minz_logo.png","width":261,"height":93,"caption":"Minzgmbh"},"image":{"@id":"https:\/\/minzgmbh.de\/#\/schema\/logo\/image\/"},"sameAs":["https:\/\/www.facebook.com\/Young.Euro.Classic\/","https:\/\/x.com\/YEClassic","https:\/\/www.instagram.com\/youngeuroclassic\/","https:\/\/www.youtube.com\/channel\/UCtOJJjqlsvhJbivdpxzmJug"]}]}},"_links":{"self":[{"href":"https:\/\/minzgmbh.de\/en\/wp-json\/wp\/v2\/pages\/3464","targetHints":{"allow":["GET"]}}],"collection":[{"href":"https:\/\/minzgmbh.de\/en\/wp-json\/wp\/v2\/pages"}],"about":[{"href":"https:\/\/minzgmbh.de\/en\/wp-json\/wp\/v2\/types\/page"}],"author":[{"embeddable":true,"href":"https:\/\/minzgmbh.de\/en\/wp-json\/wp\/v2\/users\/4"}],"replies":[{"embeddable":true,"href":"https:\/\/minzgmbh.de\/en\/wp-json\/wp\/v2\/comments?post=3464"}],"version-history":[{"count":6,"href":"https:\/\/minzgmbh.de\/en\/wp-json\/wp\/v2\/pages\/3464\/revisions"}],"predecessor-version":[{"id":3544,"href":"https:\/\/minzgmbh.de\/en\/wp-json\/wp\/v2\/pages\/3464\/revisions\/3544"}],"wp:attachment":[{"href":"https:\/\/minzgmbh.de\/en\/wp-json\/wp\/v2\/media?parent=3464"}],"curies":[{"name":"wp","href":"https:\/\/api.w.org\/{rel}","templated":true}]}}